{"id":977,"date":"2023-05-12T14:24:55","date_gmt":"2023-05-12T14:24:55","guid":{"rendered":"http:\/\/dorte.com.br\/?page_id=977"},"modified":"2023-05-12T17:07:41","modified_gmt":"2023-05-12T17:07:41","slug":"seguimentos","status":"publish","type":"page","link":"https:\/\/dorte.com.br\/?page_id=977","title":{"rendered":"Seguimentos"},"content":{"rendered":"\t\t<div data-elementor-type=\"wp-page\" data-elementor-id=\"977\" class=\"elementor elementor-977\">\n\t\t\t\t\t\t<section class=\"elementor-section elementor-top-section elementor-element elementor-element-68e8da0 elementor-section-height-min-height elementor-section-boxed elementor-section-height-default elementor-section-items-middle wpr-particle-no wpr-jarallax-no wpr-parallax-no wpr-sticky-section-no\" data-id=\"68e8da0\" data-element_type=\"section\" data-settings=\"{&quot;background_background&quot;:&quot;classic&quot;}\">\n\t\t\t\t\t\t<div class=\"elementor-container elementor-column-gap-default\">\n\t\t\t\t\t<div class=\"elementor-column elementor-col-100 elementor-top-column elementor-element elementor-element-761472f\" data-id=\"761472f\" data-element_type=\"column\">\n\t\t\t<div class=\"elementor-widget-wrap\">\n\t\t\t\t\t\t\t<\/div>\n\t\t<\/div>\n\t\t\t\t\t<\/div>\n\t\t<\/section>\n\t\t\t\t<section class=\"elementor-section elementor-top-section elementor-element elementor-element-f2e75de elementor-section-boxed elementor-section-height-default elementor-section-height-default wpr-particle-no wpr-jarallax-no wpr-parallax-no wpr-sticky-section-no\" data-id=\"f2e75de\" data-element_type=\"section\">\n\t\t\t\t\t\t<div class=\"elementor-container elementor-column-gap-default\">\n\t\t\t\t\t<div class=\"elementor-column elementor-col-100 elementor-top-column elementor-element elementor-element-629dc61\" data-id=\"629dc61\" data-element_type=\"column\">\n\t\t\t<div class=\"elementor-widget-wrap elementor-element-populated\">\n\t\t\t\t\t\t<div class=\"elementor-element elementor-element-36d2e94 elementor-widget elementor-widget-heading\" data-id=\"36d2e94\" data-element_type=\"widget\" data-widget_type=\"heading.default\">\n\t\t\t\t<div class=\"elementor-widget-container\">\n\t\t\t\t\t<h2 class=\"elementor-heading-title elementor-size-default\">Seguimentos<\/h2>\t\t\t\t<\/div>\n\t\t\t\t<\/div>\n\t\t\t\t\t<\/div>\n\t\t<\/div>\n\t\t\t\t\t<\/div>\n\t\t<\/section>\n\t\t\t\t<section class=\"elementor-section elementor-top-section elementor-element elementor-element-e791114 elementor-section-boxed elementor-section-height-default elementor-section-height-default wpr-particle-no wpr-jarallax-no wpr-parallax-no wpr-sticky-section-no\" data-id=\"e791114\" data-element_type=\"section\">\n\t\t\t\t\t\t<div class=\"elementor-container elementor-column-gap-default\">\n\t\t\t\t\t<div class=\"elementor-column elementor-col-25 elementor-top-column elementor-element elementor-element-ea7f06a\" data-id=\"ea7f06a\" data-element_type=\"column\">\n\t\t\t<div class=\"elementor-widget-wrap elementor-element-populated\">\n\t\t\t\t\t\t<div class=\"elementor-element elementor-element-16aa411 elementor-widget elementor-widget-image\" data-id=\"16aa411\" data-element_type=\"widget\" data-widget_type=\"image.default\">\n\t\t\t\t<div class=\"elementor-widget-container\">\n\t\t\t\t\t\t\t\t\t\t\t\t\t\t\t<img fetchpriority=\"high\" decoding=\"async\" width=\"960\" height=\"639\" src=\"http:\/\/dorte.com.br\/wp-content\/uploads\/2023\/05\/Screenshot_6.png\" class=\"attachment-large size-large wp-image-990\" alt=\"\" srcset=\"http:\/\/dorte.com.br\/wp-content\/uploads\/2023\/05\/Screenshot_6.png 976w, http:\/\/dorte.com.br\/wp-content\/uploads\/2023\/05\/Screenshot_6-300x200.png 300w, http:\/\/dorte.com.br\/wp-content\/uploads\/2023\/05\/Screenshot_6-768x511.png 768w\" sizes=\"(max-width: 960px) 100vw, 960px\" \/>\t\t\t\t\t\t\t\t\t\t\t\t\t\t\t<\/div>\n\t\t\t\t<\/div>\n\t\t\t\t<div class=\"elementor-element elementor-element-31531c2 elementor-widget elementor-widget-heading\" data-id=\"31531c2\" data-element_type=\"widget\" data-widget_type=\"heading.default\">\n\t\t\t\t<div class=\"elementor-widget-container\">\n\t\t\t\t\t<h6 class=\"elementor-heading-title elementor-size-default\">Alimentos<\/h6>\t\t\t\t<\/div>\n\t\t\t\t<\/div>\n\t\t\t\t\t<\/div>\n\t\t<\/div>\n\t\t\t\t<div class=\"elementor-column elementor-col-25 elementor-top-column elementor-element elementor-element-989af88\" data-id=\"989af88\" data-element_type=\"column\">\n\t\t\t<div class=\"elementor-widget-wrap elementor-element-populated\">\n\t\t\t\t\t\t<div class=\"elementor-element elementor-element-38229b1 elementor-widget elementor-widget-image\" data-id=\"38229b1\" data-element_type=\"widget\" data-widget_type=\"image.default\">\n\t\t\t\t<div class=\"elementor-widget-container\">\n\t\t\t\t\t\t\t\t\t\t\t\t\t\t\t<img decoding=\"async\" width=\"839\" height=\"545\" src=\"http:\/\/dorte.com.br\/wp-content\/uploads\/2023\/05\/Screenshot_7-e1683908341571.png\" class=\"attachment-large size-large wp-image-991\" alt=\"\" srcset=\"http:\/\/dorte.com.br\/wp-content\/uploads\/2023\/05\/Screenshot_7-e1683908341571.png 839w, http:\/\/dorte.com.br\/wp-content\/uploads\/2023\/05\/Screenshot_7-e1683908341571-300x195.png 300w, http:\/\/dorte.com.br\/wp-content\/uploads\/2023\/05\/Screenshot_7-e1683908341571-768x499.png 768w\" sizes=\"(max-width: 839px) 100vw, 839px\" \/>\t\t\t\t\t\t\t\t\t\t\t\t\t\t\t<\/div>\n\t\t\t\t<\/div>\n\t\t\t\t<div class=\"elementor-element elementor-element-a0d597b elementor-widget elementor-widget-heading\" data-id=\"a0d597b\" data-element_type=\"widget\" data-widget_type=\"heading.default\">\n\t\t\t\t<div class=\"elementor-widget-container\">\n\t\t\t\t\t<h6 class=\"elementor-heading-title elementor-size-default\">Automotivo<\/h6>\t\t\t\t<\/div>\n\t\t\t\t<\/div>\n\t\t\t\t\t<\/div>\n\t\t<\/div>\n\t\t\t\t<div class=\"elementor-column elementor-col-25 elementor-top-column elementor-element elementor-element-01df076\" data-id=\"01df076\" data-element_type=\"column\">\n\t\t\t<div class=\"elementor-widget-wrap elementor-element-populated\">\n\t\t\t\t\t\t<div class=\"elementor-element elementor-element-85920b2 elementor-widget elementor-widget-image\" data-id=\"85920b2\" data-element_type=\"widget\" data-widget_type=\"image.default\">\n\t\t\t\t<div class=\"elementor-widget-container\">\n\t\t\t\t\t\t\t\t\t\t\t\t\t\t\t<img decoding=\"async\" width=\"960\" height=\"633\" src=\"http:\/\/dorte.com.br\/wp-content\/uploads\/2023\/05\/Screenshot_8.png\" class=\"attachment-large size-large wp-image-992\" alt=\"\" srcset=\"http:\/\/dorte.com.br\/wp-content\/uploads\/2023\/05\/Screenshot_8.png 975w, http:\/\/dorte.com.br\/wp-content\/uploads\/2023\/05\/Screenshot_8-300x198.png 300w, http:\/\/dorte.com.br\/wp-content\/uploads\/2023\/05\/Screenshot_8-768x506.png 768w\" sizes=\"(max-width: 960px) 100vw, 960px\" \/>\t\t\t\t\t\t\t\t\t\t\t\t\t\t\t<\/div>\n\t\t\t\t<\/div>\n\t\t\t\t<div class=\"elementor-element elementor-element-b0ea506 elementor-widget elementor-widget-heading\" data-id=\"b0ea506\" data-element_type=\"widget\" data-widget_type=\"heading.default\">\n\t\t\t\t<div class=\"elementor-widget-container\">\n\t\t\t\t\t<h6 class=\"elementor-heading-title elementor-size-default\">Eletr\u00f4nico<\/h6>\t\t\t\t<\/div>\n\t\t\t\t<\/div>\n\t\t\t\t\t<\/div>\n\t\t<\/div>\n\t\t\t\t<div class=\"elementor-column elementor-col-25 elementor-top-column elementor-element elementor-element-f655aad\" data-id=\"f655aad\" data-element_type=\"column\">\n\t\t\t<div class=\"elementor-widget-wrap elementor-element-populated\">\n\t\t\t\t\t\t<div class=\"elementor-element elementor-element-a59db0f elementor-widget elementor-widget-image\" data-id=\"a59db0f\" data-element_type=\"widget\" data-widget_type=\"image.default\">\n\t\t\t\t<div class=\"elementor-widget-container\">\n\t\t\t\t\t\t\t\t\t\t\t\t\t\t\t<img loading=\"lazy\" decoding=\"async\" width=\"960\" height=\"633\" src=\"http:\/\/dorte.com.br\/wp-content\/uploads\/2023\/05\/Screenshot_9.png\" class=\"attachment-large size-large wp-image-993\" alt=\"\" srcset=\"http:\/\/dorte.com.br\/wp-content\/uploads\/2023\/05\/Screenshot_9.png 976w, http:\/\/dorte.com.br\/wp-content\/uploads\/2023\/05\/Screenshot_9-300x198.png 300w, http:\/\/dorte.com.br\/wp-content\/uploads\/2023\/05\/Screenshot_9-768x507.png 768w\" sizes=\"(max-width: 960px) 100vw, 960px\" \/>\t\t\t\t\t\t\t\t\t\t\t\t\t\t\t<\/div>\n\t\t\t\t<\/div>\n\t\t\t\t<div class=\"elementor-element elementor-element-a482bfe elementor-widget elementor-widget-heading\" data-id=\"a482bfe\" data-element_type=\"widget\" data-widget_type=\"heading.default\">\n\t\t\t\t<div class=\"elementor-widget-container\">\n\t\t\t\t\t<h6 class=\"elementor-heading-title elementor-size-default\">Ferrosos \/ N\u00e3o-Ferrosos<\/h6>\t\t\t\t<\/div>\n\t\t\t\t<\/div>\n\t\t\t\t\t<\/div>\n\t\t<\/div>\n\t\t\t\t\t<\/div>\n\t\t<\/section>\n\t\t\t\t<section class=\"elementor-section elementor-top-section elementor-element elementor-element-859c2cd elementor-section-boxed elementor-section-height-default elementor-section-height-default wpr-particle-no wpr-jarallax-no wpr-parallax-no wpr-sticky-section-no\" data-id=\"859c2cd\" data-element_type=\"section\">\n\t\t\t\t\t\t<div class=\"elementor-container elementor-column-gap-default\">\n\t\t\t\t\t<div class=\"elementor-column elementor-col-25 elementor-top-column elementor-element elementor-element-a6a5156\" data-id=\"a6a5156\" data-element_type=\"column\">\n\t\t\t<div class=\"elementor-widget-wrap elementor-element-populated\">\n\t\t\t\t\t\t<div class=\"elementor-element elementor-element-4c3d4ed elementor-widget elementor-widget-image\" data-id=\"4c3d4ed\" data-element_type=\"widget\" data-widget_type=\"image.default\">\n\t\t\t\t<div class=\"elementor-widget-container\">\n\t\t\t\t\t\t\t\t\t\t\t\t\t\t\t<img loading=\"lazy\" decoding=\"async\" width=\"960\" height=\"638\" src=\"http:\/\/dorte.com.br\/wp-content\/uploads\/2023\/05\/Screenshot_10.png\" class=\"attachment-large size-large wp-image-994\" alt=\"\" srcset=\"http:\/\/dorte.com.br\/wp-content\/uploads\/2023\/05\/Screenshot_10.png 977w, http:\/\/dorte.com.br\/wp-content\/uploads\/2023\/05\/Screenshot_10-300x199.png 300w, http:\/\/dorte.com.br\/wp-content\/uploads\/2023\/05\/Screenshot_10-768x510.png 768w\" sizes=\"(max-width: 960px) 100vw, 960px\" \/>\t\t\t\t\t\t\t\t\t\t\t\t\t\t\t<\/div>\n\t\t\t\t<\/div>\n\t\t\t\t<div class=\"elementor-element elementor-element-0883a9c elementor-widget elementor-widget-heading\" data-id=\"0883a9c\" data-element_type=\"widget\" data-widget_type=\"heading.default\">\n\t\t\t\t<div class=\"elementor-widget-container\">\n\t\t\t\t\t<h6 class=\"elementor-heading-title elementor-size-default\">Hospitalar\/Farma<\/h6>\t\t\t\t<\/div>\n\t\t\t\t<\/div>\n\t\t\t\t\t<\/div>\n\t\t<\/div>\n\t\t\t\t<div class=\"elementor-column elementor-col-25 elementor-top-column elementor-element elementor-element-69f0c05\" data-id=\"69f0c05\" data-element_type=\"column\">\n\t\t\t<div class=\"elementor-widget-wrap elementor-element-populated\">\n\t\t\t\t\t\t<div class=\"elementor-element elementor-element-4b494c5 elementor-widget elementor-widget-image\" data-id=\"4b494c5\" data-element_type=\"widget\" data-widget_type=\"image.default\">\n\t\t\t\t<div class=\"elementor-widget-container\">\n\t\t\t\t\t\t\t\t\t\t\t\t\t\t\t<img loading=\"lazy\" decoding=\"async\" width=\"960\" height=\"640\" src=\"http:\/\/dorte.com.br\/wp-content\/uploads\/2023\/05\/Screenshot_11.png\" class=\"attachment-large size-large wp-image-995\" alt=\"\" srcset=\"http:\/\/dorte.com.br\/wp-content\/uploads\/2023\/05\/Screenshot_11.png 978w, http:\/\/dorte.com.br\/wp-content\/uploads\/2023\/05\/Screenshot_11-300x200.png 300w, http:\/\/dorte.com.br\/wp-content\/uploads\/2023\/05\/Screenshot_11-768x512.png 768w\" sizes=\"(max-width: 960px) 100vw, 960px\" \/>\t\t\t\t\t\t\t\t\t\t\t\t\t\t\t<\/div>\n\t\t\t\t<\/div>\n\t\t\t\t<div class=\"elementor-element elementor-element-6369f48 elementor-widget elementor-widget-heading\" data-id=\"6369f48\" data-element_type=\"widget\" data-widget_type=\"heading.default\">\n\t\t\t\t<div class=\"elementor-widget-container\">\n\t\t\t\t\t<h6 class=\"elementor-heading-title elementor-size-default\">Inform\u00e1tica<\/h6>\t\t\t\t<\/div>\n\t\t\t\t<\/div>\n\t\t\t\t\t<\/div>\n\t\t<\/div>\n\t\t\t\t<div class=\"elementor-column elementor-col-25 elementor-top-column elementor-element elementor-element-b186593\" data-id=\"b186593\" data-element_type=\"column\">\n\t\t\t<div class=\"elementor-widget-wrap elementor-element-populated\">\n\t\t\t\t\t\t<div class=\"elementor-element elementor-element-4e17a93 elementor-widget elementor-widget-image\" data-id=\"4e17a93\" data-element_type=\"widget\" data-widget_type=\"image.default\">\n\t\t\t\t<div class=\"elementor-widget-container\">\n\t\t\t\t\t\t\t\t\t\t\t\t\t\t\t<img loading=\"lazy\" decoding=\"async\" width=\"960\" height=\"648\" src=\"http:\/\/dorte.com.br\/wp-content\/uploads\/2023\/05\/Screenshot_12-e1683908385394.png\" class=\"attachment-large size-large wp-image-996\" alt=\"\" srcset=\"http:\/\/dorte.com.br\/wp-content\/uploads\/2023\/05\/Screenshot_12-e1683908385394.png 975w, http:\/\/dorte.com.br\/wp-content\/uploads\/2023\/05\/Screenshot_12-e1683908385394-300x202.png 300w, http:\/\/dorte.com.br\/wp-content\/uploads\/2023\/05\/Screenshot_12-e1683908385394-768x518.png 768w\" sizes=\"(max-width: 960px) 100vw, 960px\" \/>\t\t\t\t\t\t\t\t\t\t\t\t\t\t\t<\/div>\n\t\t\t\t<\/div>\n\t\t\t\t<div class=\"elementor-element elementor-element-a452d6b elementor-widget elementor-widget-heading\" data-id=\"a452d6b\" data-element_type=\"widget\" data-widget_type=\"heading.default\">\n\t\t\t\t<div class=\"elementor-widget-container\">\n\t\t\t\t\t<h6 class=\"elementor-heading-title elementor-size-default\">Bebidas<\/h6>\t\t\t\t<\/div>\n\t\t\t\t<\/div>\n\t\t\t\t\t<\/div>\n\t\t<\/div>\n\t\t\t\t<div class=\"elementor-column elementor-col-25 elementor-top-column elementor-element elementor-element-254e859\" data-id=\"254e859\" data-element_type=\"column\">\n\t\t\t<div class=\"elementor-widget-wrap elementor-element-populated\">\n\t\t\t\t\t\t<div class=\"elementor-element elementor-element-e8277ed elementor-widget elementor-widget-image\" data-id=\"e8277ed\" data-element_type=\"widget\" data-widget_type=\"image.default\">\n\t\t\t\t<div class=\"elementor-widget-container\">\n\t\t\t\t\t\t\t\t\t\t\t\t\t\t\t<img loading=\"lazy\" decoding=\"async\" width=\"960\" height=\"637\" src=\"http:\/\/dorte.com.br\/wp-content\/uploads\/2023\/05\/Screenshot_13.png\" class=\"attachment-large size-large wp-image-997\" alt=\"\" srcset=\"http:\/\/dorte.com.br\/wp-content\/uploads\/2023\/05\/Screenshot_13.png 972w, http:\/\/dorte.com.br\/wp-content\/uploads\/2023\/05\/Screenshot_13-300x199.png 300w, http:\/\/dorte.com.br\/wp-content\/uploads\/2023\/05\/Screenshot_13-768x510.png 768w\" sizes=\"(max-width: 960px) 100vw, 960px\" \/>\t\t\t\t\t\t\t\t\t\t\t\t\t\t\t<\/div>\n\t\t\t\t<\/div>\n\t\t\t\t<div class=\"elementor-element elementor-element-a66420d elementor-widget elementor-widget-heading\" data-id=\"a66420d\" data-element_type=\"widget\" data-widget_type=\"heading.default\">\n\t\t\t\t<div class=\"elementor-widget-container\">\n\t\t\t\t\t<h6 class=\"elementor-heading-title elementor-size-default\">M\u00e1quinas<\/h6>\t\t\t\t<\/div>\n\t\t\t\t<\/div>\n\t\t\t\t\t<\/div>\n\t\t<\/div>\n\t\t\t\t\t<\/div>\n\t\t<\/section>\n\t\t\t\t<section class=\"elementor-section elementor-top-section elementor-element elementor-element-2878c3e elementor-section-boxed elementor-section-height-default elementor-section-height-default wpr-particle-no wpr-jarallax-no wpr-parallax-no wpr-sticky-section-no\" data-id=\"2878c3e\" data-element_type=\"section\">\n\t\t\t\t\t\t<div class=\"elementor-container elementor-column-gap-default\">\n\t\t\t\t\t<div class=\"elementor-column elementor-col-25 elementor-top-column elementor-element elementor-element-d497850\" data-id=\"d497850\" data-element_type=\"column\">\n\t\t\t<div class=\"elementor-widget-wrap elementor-element-populated\">\n\t\t\t\t\t\t<div class=\"elementor-element elementor-element-76d4831 elementor-widget elementor-widget-image\" data-id=\"76d4831\" data-element_type=\"widget\" data-widget_type=\"image.default\">\n\t\t\t\t<div class=\"elementor-widget-container\">\n\t\t\t\t\t\t\t\t\t\t\t\t\t\t\t<img loading=\"lazy\" decoding=\"async\" width=\"960\" height=\"633\" src=\"http:\/\/dorte.com.br\/wp-content\/uploads\/2023\/05\/Screenshot_14.png\" class=\"attachment-large size-large wp-image-998\" alt=\"\" srcset=\"http:\/\/dorte.com.br\/wp-content\/uploads\/2023\/05\/Screenshot_14.png 976w, http:\/\/dorte.com.br\/wp-content\/uploads\/2023\/05\/Screenshot_14-300x198.png 300w, http:\/\/dorte.com.br\/wp-content\/uploads\/2023\/05\/Screenshot_14-768x507.png 768w\" sizes=\"(max-width: 960px) 100vw, 960px\" \/>\t\t\t\t\t\t\t\t\t\t\t\t\t\t\t<\/div>\n\t\t\t\t<\/div>\n\t\t\t\t<div class=\"elementor-element elementor-element-b32d342 elementor-widget elementor-widget-heading\" data-id=\"b32d342\" data-element_type=\"widget\" data-widget_type=\"heading.default\">\n\t\t\t\t<div class=\"elementor-widget-container\">\n\t\t\t\t\t<h6 class=\"elementor-heading-title elementor-size-default\">Telecomunica\u00e7\u00f5es<\/h6>\t\t\t\t<\/div>\n\t\t\t\t<\/div>\n\t\t\t\t\t<\/div>\n\t\t<\/div>\n\t\t\t\t<div class=\"elementor-column elementor-col-25 elementor-top-column elementor-element elementor-element-fdf2d27\" data-id=\"fdf2d27\" data-element_type=\"column\">\n\t\t\t<div class=\"elementor-widget-wrap elementor-element-populated\">\n\t\t\t\t\t\t<div class=\"elementor-element elementor-element-e8d2ff4 elementor-widget elementor-widget-image\" data-id=\"e8d2ff4\" data-element_type=\"widget\" data-widget_type=\"image.default\">\n\t\t\t\t<div class=\"elementor-widget-container\">\n\t\t\t\t\t\t\t\t\t\t\t\t\t\t\t<img loading=\"lazy\" decoding=\"async\" width=\"960\" height=\"636\" src=\"http:\/\/dorte.com.br\/wp-content\/uploads\/2023\/05\/Screenshot_17.png\" class=\"attachment-large size-large wp-image-1001\" alt=\"\" srcset=\"http:\/\/dorte.com.br\/wp-content\/uploads\/2023\/05\/Screenshot_17.png 974w, http:\/\/dorte.com.br\/wp-content\/uploads\/2023\/05\/Screenshot_17-300x199.png 300w, http:\/\/dorte.com.br\/wp-content\/uploads\/2023\/05\/Screenshot_17-768x509.png 768w\" sizes=\"(max-width: 960px) 100vw, 960px\" \/>\t\t\t\t\t\t\t\t\t\t\t\t\t\t\t<\/div>\n\t\t\t\t<\/div>\n\t\t\t\t<div class=\"elementor-element elementor-element-03fca42 elementor-widget elementor-widget-heading\" data-id=\"03fca42\" data-element_type=\"widget\" data-widget_type=\"heading.default\">\n\t\t\t\t<div class=\"elementor-widget-container\">\n\t\t\t\t\t<h6 class=\"elementor-heading-title elementor-size-default\">Utilidades<\/h6>\t\t\t\t<\/div>\n\t\t\t\t<\/div>\n\t\t\t\t\t<\/div>\n\t\t<\/div>\n\t\t\t\t<div class=\"elementor-column elementor-col-25 elementor-top-column elementor-element elementor-element-e15a7a1\" data-id=\"e15a7a1\" data-element_type=\"column\">\n\t\t\t<div class=\"elementor-widget-wrap elementor-element-populated\">\n\t\t\t\t\t\t<div class=\"elementor-element elementor-element-0c4ba3d elementor-widget elementor-widget-image\" data-id=\"0c4ba3d\" data-element_type=\"widget\" data-widget_type=\"image.default\">\n\t\t\t\t<div class=\"elementor-widget-container\">\n\t\t\t\t\t\t\t\t\t\t\t\t\t\t\t<img loading=\"lazy\" decoding=\"async\" width=\"960\" height=\"633\" src=\"http:\/\/dorte.com.br\/wp-content\/uploads\/2023\/05\/Screenshot_15-e1683908419241.png\" class=\"attachment-large size-large wp-image-999\" alt=\"\" srcset=\"http:\/\/dorte.com.br\/wp-content\/uploads\/2023\/05\/Screenshot_15-e1683908419241.png 975w, http:\/\/dorte.com.br\/wp-content\/uploads\/2023\/05\/Screenshot_15-e1683908419241-300x198.png 300w, http:\/\/dorte.com.br\/wp-content\/uploads\/2023\/05\/Screenshot_15-e1683908419241-768x506.png 768w\" sizes=\"(max-width: 960px) 100vw, 960px\" \/>\t\t\t\t\t\t\t\t\t\t\t\t\t\t\t<\/div>\n\t\t\t\t<\/div>\n\t\t\t\t<div class=\"elementor-element elementor-element-19dc53e elementor-widget elementor-widget-heading\" data-id=\"19dc53e\" data-element_type=\"widget\" data-widget_type=\"heading.default\">\n\t\t\t\t<div class=\"elementor-widget-container\">\n\t\t\t\t\t<h6 class=\"elementor-heading-title elementor-size-default\">Cosm\u00e9ticos<\/h6>\t\t\t\t<\/div>\n\t\t\t\t<\/div>\n\t\t\t\t\t<\/div>\n\t\t<\/div>\n\t\t\t\t<div class=\"elementor-column elementor-col-25 elementor-top-column elementor-element elementor-element-7ce9fed\" data-id=\"7ce9fed\" data-element_type=\"column\">\n\t\t\t<div class=\"elementor-widget-wrap elementor-element-populated\">\n\t\t\t\t\t\t<div class=\"elementor-element elementor-element-c534b74 elementor-widget elementor-widget-image\" data-id=\"c534b74\" data-element_type=\"widget\" data-widget_type=\"image.default\">\n\t\t\t\t<div class=\"elementor-widget-container\">\n\t\t\t\t\t\t\t\t\t\t\t\t\t\t\t<img loading=\"lazy\" decoding=\"async\" width=\"960\" height=\"635\" src=\"http:\/\/dorte.com.br\/wp-content\/uploads\/2023\/05\/Screenshot_16.png\" class=\"attachment-large size-large wp-image-1000\" alt=\"\" srcset=\"http:\/\/dorte.com.br\/wp-content\/uploads\/2023\/05\/Screenshot_16.png 974w, http:\/\/dorte.com.br\/wp-content\/uploads\/2023\/05\/Screenshot_16-300x198.png 300w, http:\/\/dorte.com.br\/wp-content\/uploads\/2023\/05\/Screenshot_16-768x508.png 768w\" sizes=\"(max-width: 960px) 100vw, 960px\" \/>\t\t\t\t\t\t\t\t\t\t\t\t\t\t\t<\/div>\n\t\t\t\t<\/div>\n\t\t\t\t<div class=\"elementor-element elementor-element-a6a87c3 elementor-widget elementor-widget-heading\" data-id=\"a6a87c3\" data-element_type=\"widget\" data-widget_type=\"heading.default\">\n\t\t\t\t<div class=\"elementor-widget-container\">\n\t\t\t\t\t<h6 class=\"elementor-heading-title elementor-size-default\">Qu\u00edmicos<\/h6>\t\t\t\t<\/div>\n\t\t\t\t<\/div>\n\t\t\t\t\t<\/div>\n\t\t<\/div>\n\t\t\t\t\t<\/div>\n\t\t<\/section>\n\t\t\t\t<section class=\"elementor-section elementor-top-section elementor-element elementor-element-0db612d elementor-section-boxed elementor-section-height-default elementor-section-height-default wpr-particle-no wpr-jarallax-no wpr-parallax-no wpr-sticky-section-no\" data-id=\"0db612d\" data-element_type=\"section\">\n\t\t\t\t\t\t<div class=\"elementor-container elementor-column-gap-default\">\n\t\t\t\t\t<div class=\"elementor-column elementor-col-100 elementor-top-column elementor-element elementor-element-6041c83\" data-id=\"6041c83\" data-element_type=\"column\">\n\t\t\t<div class=\"elementor-widget-wrap elementor-element-populated\">\n\t\t\t\t\t\t<div class=\"elementor-element elementor-element-b285d6b elementor-widget elementor-widget-text-editor\" data-id=\"b285d6b\" data-element_type=\"widget\" data-widget_type=\"text-editor.default\">\n\t\t\t\t<div class=\"elementor-widget-container\">\n\t\t\t\t\t\t\t\t\t<p>Opera\u00e7\u00f5es pr\u00f3prias \/\/ Encomenda \/\/ Conta e Ordem<\/p>\t\t\t\t\t\t\t\t<\/div>\n\t\t\t\t<\/div>\n\t\t\t\t\t<\/div>\n\t\t<\/div>\n\t\t\t\t\t<\/div>\n\t\t<\/section>\n\t\t\t\t<\/div>\n\t\t","protected":false},"excerpt":{"rendered":"<p>Seguimentos Alimentos Automotivo Eletr\u00f4nico Ferrosos \/ N\u00e3o-Ferrosos Hospitalar\/Farma Inform\u00e1tica Bebidas M\u00e1quinas Telecomunica\u00e7\u00f5es Utilidades Cosm\u00e9ticos Qu\u00edmicos Opera\u00e7\u00f5es pr\u00f3prias \/\/ Encomenda \/\/ Conta e Ordem<\/p>\n","protected":false},"author":1,"featured_media":0,"parent":0,"menu_order":0,"comment_status":"closed","ping_status":"closed","template":"elementor_canvas","meta":{"footnotes":""},"class_list":["post-977","page","type-page","status-publish","hentry"],"_links":{"self":[{"href":"https:\/\/dorte.com.br\/index.php?rest_route=\/wp\/v2\/pages\/977","targetHints":{"allow":["GET"]}}],"collection":[{"href":"https:\/\/dorte.com.br\/index.php?rest_route=\/wp\/v2\/pages"}],"about":[{"href":"https:\/\/dorte.com.br\/index.php?rest_route=\/wp\/v2\/types\/page"}],"author":[{"embeddable":true,"href":"https:\/\/dorte.com.br\/index.php?rest_route=\/wp\/v2\/users\/1"}],"replies":[{"embeddable":true,"href":"https:\/\/dorte.com.br\/index.php?rest_route=%2Fwp%2Fv2%2Fcomments&post=977"}],"version-history":[{"count":0,"href":"https:\/\/dorte.com.br\/index.php?rest_route=\/wp\/v2\/pages\/977\/revisions"}],"wp:attachment":[{"href":"https:\/\/dorte.com.br\/index.php?rest_route=%2Fwp%2Fv2%2Fmedia&parent=977"}],"curies":[{"name":"wp","href":"https:\/\/api.w.org\/{rel}","templated":true}]}}