{"id":969,"date":"2023-05-12T14:17:05","date_gmt":"2023-05-12T14:17:05","guid":{"rendered":"http:\/\/dorte.com.br\/?page_id=969"},"modified":"2023-05-12T17:09:19","modified_gmt":"2023-05-12T17:09:19","slug":"equipe","status":"publish","type":"page","link":"https:\/\/dorte.com.br\/?page_id=969","title":{"rendered":"Equipe"},"content":{"rendered":"\t\t<div data-elementor-type=\"wp-page\" data-elementor-id=\"969\" class=\"elementor elementor-969\">\n\t\t\t\t\t\t<section class=\"elementor-section elementor-top-section elementor-element elementor-element-68e8da0 elementor-section-height-min-height elementor-section-boxed elementor-section-height-default elementor-section-items-middle wpr-particle-no wpr-jarallax-no wpr-parallax-no wpr-sticky-section-no\" data-id=\"68e8da0\" data-element_type=\"section\" data-settings=\"{&quot;background_background&quot;:&quot;classic&quot;}\">\n\t\t\t\t\t\t\t<div class=\"elementor-background-overlay\"><\/div>\n\t\t\t\t\t\t\t<div class=\"elementor-container elementor-column-gap-default\">\n\t\t\t\t\t<div class=\"elementor-column elementor-col-100 elementor-top-column elementor-element elementor-element-761472f\" data-id=\"761472f\" data-element_type=\"column\">\n\t\t\t<div class=\"elementor-widget-wrap\">\n\t\t\t\t\t\t\t<\/div>\n\t\t<\/div>\n\t\t\t\t\t<\/div>\n\t\t<\/section>\n\t\t\t\t<section class=\"elementor-section elementor-top-section elementor-element elementor-element-c045342 elementor-section-boxed elementor-section-height-default elementor-section-height-default wpr-particle-no wpr-jarallax-no wpr-parallax-no wpr-sticky-section-no\" data-id=\"c045342\" data-element_type=\"section\">\n\t\t\t\t\t\t<div class=\"elementor-container elementor-column-gap-default\">\n\t\t\t\t\t<div class=\"elementor-column elementor-col-100 elementor-top-column elementor-element elementor-element-52b29e0\" data-id=\"52b29e0\" data-element_type=\"column\">\n\t\t\t<div class=\"elementor-widget-wrap elementor-element-populated\">\n\t\t\t\t\t\t<section class=\"elementor-section elementor-inner-section elementor-element elementor-element-d74a911 elementor-section-content-middle elementor-section-boxed elementor-section-height-default elementor-section-height-default wpr-particle-no wpr-jarallax-no wpr-parallax-no wpr-sticky-section-no\" data-id=\"d74a911\" data-element_type=\"section\">\n\t\t\t\t\t\t<div class=\"elementor-container elementor-column-gap-default\">\n\t\t\t\t\t<div class=\"elementor-column elementor-col-50 elementor-inner-column elementor-element elementor-element-e47d061\" data-id=\"e47d061\" data-element_type=\"column\">\n\t\t\t<div class=\"elementor-widget-wrap elementor-element-populated\">\n\t\t\t\t\t\t<div class=\"elementor-element elementor-element-6f85b8a elementor-widget elementor-widget-heading\" data-id=\"6f85b8a\" data-element_type=\"widget\" data-widget_type=\"heading.default\">\n\t\t\t\t<div class=\"elementor-widget-container\">\n\t\t\t\t\t<h2 class=\"elementor-heading-title elementor-size-default\">Equipe apaixonada por performance<\/h2>\t\t\t\t<\/div>\n\t\t\t\t<\/div>\n\t\t\t\t<div class=\"elementor-element elementor-element-58b9972 elementor-widget elementor-widget-heading\" data-id=\"58b9972\" data-element_type=\"widget\" data-widget_type=\"heading.default\">\n\t\t\t\t<div class=\"elementor-widget-container\">\n\t\t\t\t\t<h2 class=\"elementor-heading-title elementor-size-default\">A DORTE acredita, estimula e investe em seus colaboradores<\/h2>\t\t\t\t<\/div>\n\t\t\t\t<\/div>\n\t\t\t\t<div class=\"elementor-element elementor-element-3f3012d elementor-widget elementor-widget-text-editor\" data-id=\"3f3012d\" data-element_type=\"widget\" data-widget_type=\"text-editor.default\">\n\t\t\t\t<div class=\"elementor-widget-container\">\n\t\t\t\t\t\t\t\t\t<p>A DORTE acredita que estimulando todos os colaboradores envolvido na companhia, podem contribuir na efici\u00eancia do atendimento ao cliente.\u00a0 Buscando inspirar, capacitar e construir diariamente uma rela\u00e7\u00e3o saud\u00e1vel com seus colaboradores, para obter a melhor performasse com seus clientes e parceiros.<br \/><br \/>Constru\u00edmos uma equipe com efici\u00eancia em com\u00e9rcio exterior. Investindo no conhecimentos, habilidades e sendo assim o conceito essencial para o sucesso da companhia e na evolu\u00e7\u00e3o constante na organiza\u00e7\u00e3o de seus processo.<\/p>\t\t\t\t\t\t\t\t<\/div>\n\t\t\t\t<\/div>\n\t\t\t\t\t<\/div>\n\t\t<\/div>\n\t\t\t\t<div class=\"elementor-column elementor-col-50 elementor-inner-column elementor-element elementor-element-77c29b4\" data-id=\"77c29b4\" data-element_type=\"column\">\n\t\t\t<div class=\"elementor-widget-wrap elementor-element-populated\">\n\t\t\t\t\t\t<div class=\"elementor-element elementor-element-b7a4844 elementor-widget elementor-widget-image\" data-id=\"b7a4844\" data-element_type=\"widget\" data-widget_type=\"image.default\">\n\t\t\t\t<div class=\"elementor-widget-container\">\n\t\t\t\t\t\t\t\t\t\t\t\t\t\t\t<img fetchpriority=\"high\" decoding=\"async\" width=\"699\" height=\"464\" src=\"https:\/\/dorte.com.br\/wp-content\/uploads\/2023\/05\/img-logistica-1.jpg\" class=\"attachment-large size-large wp-image-972\" alt=\"\" srcset=\"https:\/\/dorte.com.br\/wp-content\/uploads\/2023\/05\/img-logistica-1.jpg 699w, https:\/\/dorte.com.br\/wp-content\/uploads\/2023\/05\/img-logistica-1-300x199.jpg 300w\" sizes=\"(max-width: 699px) 100vw, 699px\" \/>\t\t\t\t\t\t\t\t\t\t\t\t\t\t\t<\/div>\n\t\t\t\t<\/div>\n\t\t\t\t\t<\/div>\n\t\t<\/div>\n\t\t\t\t\t<\/div>\n\t\t<\/section>\n\t\t\t\t\t<\/div>\n\t\t<\/div>\n\t\t\t\t\t<\/div>\n\t\t<\/section>\n\t\t\t\t<\/div>\n\t\t","protected":false},"excerpt":{"rendered":"<p>Equipe apaixonada por performance A DORTE acredita, estimula e investe em seus colaboradores A DORTE acredita que estimulando todos os colaboradores envolvido na companhia, podem contribuir na efici\u00eancia do atendimento ao cliente.\u00a0 Buscando inspirar, capacitar e construir diariamente uma rela\u00e7\u00e3o saud\u00e1vel com seus colaboradores, para obter a melhor performasse com seus clientes e parceiros. Constru\u00edmos uma equipe com efici\u00eancia em com\u00e9rcio exterior. Investindo no conhecimentos, habilidades e sendo assim o conceito essencial para o sucesso da companhia e na evolu\u00e7\u00e3o constante na organiza\u00e7\u00e3o de seus processo.<\/p>\n","protected":false},"author":1,"featured_media":0,"parent":0,"menu_order":0,"comment_status":"closed","ping_status":"closed","template":"elementor_canvas","meta":{"footnotes":""},"class_list":["post-969","page","type-page","status-publish","hentry"],"_links":{"self":[{"href":"https:\/\/dorte.com.br\/index.php?rest_route=\/wp\/v2\/pages\/969","targetHints":{"allow":["GET"]}}],"collection":[{"href":"https:\/\/dorte.com.br\/index.php?rest_route=\/wp\/v2\/pages"}],"about":[{"href":"https:\/\/dorte.com.br\/index.php?rest_route=\/wp\/v2\/types\/page"}],"author":[{"embeddable":true,"href":"https:\/\/dorte.com.br\/index.php?rest_route=\/wp\/v2\/users\/1"}],"replies":[{"embeddable":true,"href":"https:\/\/dorte.com.br\/index.php?rest_route=%2Fwp%2Fv2%2Fcomments&post=969"}],"version-history":[{"count":0,"href":"https:\/\/dorte.com.br\/index.php?rest_route=\/wp\/v2\/pages\/969\/revisions"}],"wp:attachment":[{"href":"https:\/\/dorte.com.br\/index.php?rest_route=%2Fwp%2Fv2%2Fmedia&parent=969"}],"curies":[{"name":"wp","href":"https:\/\/api.w.org\/{rel}","templated":true}]}}