{"id":177,"date":"2021-12-23T12:31:10","date_gmt":"2021-12-23T12:31:10","guid":{"rendered":"https:\/\/demosites.royal-elementor-addons.com\/nature-v1\/?page_id=177"},"modified":"2026-03-30T13:14:16","modified_gmt":"2026-03-30T13:14:16","slug":"contamto","status":"publish","type":"page","link":"https:\/\/dorte.com.br\/?page_id=177","title":{"rendered":"Contato"},"content":{"rendered":"\t\t<div data-elementor-type=\"wp-page\" data-elementor-id=\"177\" class=\"elementor elementor-177\">\n\t\t\t\t\t\t<section class=\"elementor-section elementor-top-section elementor-element elementor-element-f097916 elementor-section-boxed elementor-section-height-default elementor-section-height-default wpr-particle-no wpr-jarallax-no wpr-parallax-no wpr-sticky-section-no\" data-id=\"f097916\" data-element_type=\"section\" data-settings=\"{&quot;background_background&quot;:&quot;classic&quot;}\">\n\t\t\t\t\t\t\t<div class=\"elementor-background-overlay\"><\/div>\n\t\t\t\t\t\t\t<div class=\"elementor-container elementor-column-gap-default\">\n\t\t\t\t\t<div class=\"elementor-column elementor-col-100 elementor-top-column elementor-element elementor-element-5ee69e9\" data-id=\"5ee69e9\" data-element_type=\"column\">\n\t\t\t<div class=\"elementor-widget-wrap elementor-element-populated\">\n\t\t\t\t\t\t<div class=\"elementor-element elementor-element-20fe6f1 elementor-widget elementor-widget-heading\" data-id=\"20fe6f1\" data-element_type=\"widget\" data-widget_type=\"heading.default\">\n\t\t\t\t<div class=\"elementor-widget-container\">\n\t\t\t\t\t<h2 class=\"elementor-heading-title elementor-size-default\">Contato<\/h2>\t\t\t\t<\/div>\n\t\t\t\t<\/div>\n\t\t\t\t\t<\/div>\n\t\t<\/div>\n\t\t\t\t\t<\/div>\n\t\t<\/section>\n\t\t\t\t<section class=\"elementor-section elementor-top-section elementor-element elementor-element-3c46fa8 elementor-section-boxed elementor-section-height-default elementor-section-height-default wpr-particle-no wpr-jarallax-no wpr-parallax-no wpr-sticky-section-no\" data-id=\"3c46fa8\" data-element_type=\"section\">\n\t\t\t\t\t\t<div class=\"elementor-container elementor-column-gap-default\">\n\t\t\t\t\t<div class=\"elementor-column elementor-col-50 elementor-top-column elementor-element elementor-element-453991c\" data-id=\"453991c\" data-element_type=\"column\">\n\t\t\t<div class=\"elementor-widget-wrap elementor-element-populated\">\n\t\t\t\t\t\t<div class=\"elementor-element elementor-element-40bad78 wpr-forms-submit-justify elementor-widget-mobile__width-initial wpr-forms-align-left elementor-widget elementor-widget-wpr-forms\" data-id=\"40bad78\" data-element_type=\"widget\" data-widget_type=\"wpr-forms.default\">\n\t\t\t\t<div class=\"elementor-widget-container\">\n\t\t\t\t\t<div class=\"wpr-forms-container wpr-custom-chk-radio\">\n<div class=\"wpcf7 no-js\" id=\"wpcf7-f507-o1\" lang=\"en-US\" dir=\"ltr\" data-wpcf7-id=\"507\">\n<div class=\"screen-reader-response\"><p role=\"status\" aria-live=\"polite\" aria-atomic=\"true\"><\/p> <ul><\/ul><\/div>\n<form action=\"\/index.php?rest_route=%2Fwp%2Fv2%2Fpages%2F177#wpcf7-f507-o1\" method=\"post\" class=\"wpcf7-form init\" aria-label=\"Contact form\" novalidate=\"novalidate\" data-status=\"init\">\n<fieldset class=\"hidden-fields-container\"><input type=\"hidden\" name=\"_wpcf7\" value=\"507\" \/><input type=\"hidden\" name=\"_wpcf7_version\" value=\"6.1.4\" \/><input type=\"hidden\" name=\"_wpcf7_locale\" value=\"en_US\" \/><input type=\"hidden\" name=\"_wpcf7_unit_tag\" value=\"wpcf7-f507-o1\" \/><input type=\"hidden\" name=\"_wpcf7_container_post\" value=\"0\" \/><input type=\"hidden\" name=\"_wpcf7_posted_data_hash\" value=\"\" \/>\n<\/fieldset>\n<p><label> Nome<br \/>\n<span class=\"wpcf7-form-control-wrap\" data-name=\"your-name\"><input size=\"40\" maxlength=\"400\" class=\"wpcf7-form-control wpcf7-text wpcf7-validates-as-required\" aria-required=\"true\" aria-invalid=\"false\" value=\"\" type=\"text\" name=\"your-name\" \/><\/span> <\/label>\n<\/p>\n<p><label> E-mail<br \/>\n<span class=\"wpcf7-form-control-wrap\" data-name=\"your-email\"><input size=\"40\" maxlength=\"400\" class=\"wpcf7-form-control wpcf7-email wpcf7-validates-as-required wpcf7-text wpcf7-validates-as-email\" aria-required=\"true\" aria-invalid=\"false\" value=\"\" type=\"email\" name=\"your-email\" \/><\/span> <\/label>\n<\/p>\n<p><label> Celular<br \/>\n<span class=\"wpcf7-form-control-wrap\" data-name=\"your-cel\"><input size=\"40\" maxlength=\"400\" class=\"wpcf7-form-control wpcf7-text wpcf7-validates-as-required\" aria-required=\"true\" aria-invalid=\"false\" value=\"\" type=\"text\" name=\"your-cel\" \/><\/span> <\/label>\n<\/p>\n<p><label> Departamentos<br \/>\n<span class=\"wpcf7-form-control-wrap\" data-name=\"Contato\"><select class=\"wpcf7-form-control wpcf7-select wpcf7-validates-as-required\" id=\"contato\" aria-required=\"true\" aria-invalid=\"false\" name=\"Contato\"><option value=\"Diretoria Comercial\">Diretoria Comercial<\/option><option value=\"Importa\u00e7\u00e3o\">Importa\u00e7\u00e3o<\/option><option value=\"Exporta\u00e7\u00e3o\">Exporta\u00e7\u00e3o<\/option><option value=\"Hospitalar - Cosm\u00e9tico\">Hospitalar - Cosm\u00e9tico<\/option><option value=\"M\u00e1quinas Profissionais Cabelereiro\">M\u00e1quinas Profissionais Cabelereiro<\/option><option value=\"Tec Zipper\">Tec Zipper<\/option><\/select><\/span><br \/>\n<\/label>\n<\/p>\n<p><label> Mensagem<br \/>\n<span class=\"wpcf7-form-control-wrap\" data-name=\"your-message\"><textarea cols=\"40\" rows=\"10\" maxlength=\"2000\" class=\"wpcf7-form-control wpcf7-textarea\" aria-invalid=\"false\" name=\"your-message\"><\/textarea><\/span> <\/label>\n<\/p>\n<p><input class=\"wpcf7-form-control wpcf7-submit has-spinner\" type=\"submit\" value=\"Enviar\" \/>\n<\/p><input type='hidden' class='wpcf7-pum' value='{\"closepopup\":false,\"closedelay\":0,\"openpopup\":false,\"openpopup_id\":0}' \/><div class=\"wpcf7-response-output\" aria-hidden=\"true\"><\/div>\n<\/form>\n<\/div>\n<\/div>\t\t\t\t<\/div>\n\t\t\t\t<\/div>\n\t\t\t\t\t<\/div>\n\t\t<\/div>\n\t\t\t\t<div class=\"elementor-column elementor-col-50 elementor-top-column elementor-element elementor-element-9186223\" data-id=\"9186223\" data-element_type=\"column\">\n\t\t\t<div class=\"elementor-widget-wrap elementor-element-populated\">\n\t\t\t\t\t\t<div class=\"elementor-element elementor-element-b8e16df elementor-widget-divider--view-line elementor-widget elementor-widget-divider\" data-id=\"b8e16df\" data-element_type=\"widget\" data-widget_type=\"divider.default\">\n\t\t\t\t<div class=\"elementor-widget-container\">\n\t\t\t\t\t\t\t<div class=\"elementor-divider\">\n\t\t\t<span class=\"elementor-divider-separator\">\n\t\t\t\t\t\t<\/span>\n\t\t<\/div>\n\t\t\t\t\t\t<\/div>\n\t\t\t\t<\/div>\n\t\t\t\t<div class=\"elementor-element elementor-element-3d84baa elementor-widget elementor-widget-text-editor\" data-id=\"3d84baa\" data-element_type=\"widget\" data-widget_type=\"text-editor.default\">\n\t\t\t\t<div class=\"elementor-widget-container\">\n\t\t\t\t\t\t\t\t\t<p>A DORTE e oferece solu\u00e7\u00f5es para empresas brasileiras e ao redor do mundo, permitindo que elas atuem com sucesso no mercado brasileiro.<\/p>\n<p>Nossa equipe altamente qualificada est\u00e1 \u00e0 disposi\u00e7\u00e3o para fornecer suporte personalizado e consultoria estrat\u00e9gica para ajud\u00e1-lo a atingir seus objetivos de neg\u00f3cios.<\/p>\n<p>Possu\u00edmos Know-how em v\u00e1rios seguimentos empresariais e disponibilizamos este aos nossos clientes.<\/p>\n<p>Al\u00e9m disso, nossos servi\u00e7os s\u00e3o altamente personaliz\u00e1veis para atender \u00e0s necessidades espec\u00edficas de sua empresa. Oferecemos solu\u00e7\u00f5es completas para os processos importa\u00e7\u00e3o, exporta\u00e7\u00e3o e distribui\u00e7\u00e3o. Nossa preocupa\u00e7\u00e3o principal \u00e9 reduzir os custos para nossos clientes, proporcionando aumento da competitividade.<\/p>\n<p>Se voc\u00ea tem interesse em saber mais sobre como a DORTE pode ajudar sua empresa a operar com efici\u00eancia no mercado brasileiro, n\u00e3o hesite em nos contatar.&nbsp;<\/p><p>Entre em contato conosco agora e deixe-nos ajud\u00e1-lo a alcan\u00e7ar o sucesso em seus neg\u00f3cios.<\/p>\t\t\t\t\t\t\t\t<\/div>\n\t\t\t\t<\/div>\n\t\t\t\t\t<\/div>\n\t\t<\/div>\n\t\t\t\t\t<\/div>\n\t\t<\/section>\n\t\t\t\t<section class=\"elementor-section elementor-top-section elementor-element elementor-element-15ed8a3 elementor-section-full_width elementor-section-height-default elementor-section-height-default wpr-particle-no wpr-jarallax-no wpr-parallax-no wpr-sticky-section-no\" data-id=\"15ed8a3\" data-element_type=\"section\">\n\t\t\t\t\t\t<div class=\"elementor-container elementor-column-gap-default\">\n\t\t\t\t\t<div class=\"elementor-column elementor-col-16 elementor-top-column elementor-element elementor-element-5337059\" data-id=\"5337059\" data-element_type=\"column\" data-settings=\"{&quot;background_background&quot;:&quot;classic&quot;}\">\n\t\t\t<div class=\"elementor-widget-wrap elementor-element-populated\">\n\t\t\t\t\t\t<div class=\"elementor-element elementor-element-f47080b elementor-widget elementor-widget-text-editor\" data-id=\"f47080b\" data-element_type=\"widget\" data-widget_type=\"text-editor.default\">\n\t\t\t\t<div class=\"elementor-widget-container\">\n\t\t\t\t\t\t\t\t\t<strong>Diretoria Comercial<\/strong>\n<br>\n<a style=\"color: #fff;\" href=\"mailto:contato@dorte.com.br\">contato@dorte.com.br<\/a>\t\t\t\t\t\t\t\t<\/div>\n\t\t\t\t<\/div>\n\t\t\t\t\t<\/div>\n\t\t<\/div>\n\t\t\t\t<div class=\"elementor-column elementor-col-16 elementor-top-column elementor-element elementor-element-d30c68b\" data-id=\"d30c68b\" data-element_type=\"column\" data-settings=\"{&quot;background_background&quot;:&quot;classic&quot;}\">\n\t\t\t<div class=\"elementor-widget-wrap elementor-element-populated\">\n\t\t\t\t\t\t<div class=\"elementor-element elementor-element-2b3e17c elementor-widget elementor-widget-text-editor\" data-id=\"2b3e17c\" data-element_type=\"widget\" data-widget_type=\"text-editor.default\">\n\t\t\t\t<div class=\"elementor-widget-container\">\n\t\t\t\t\t\t\t\t\t<strong>Importa\u00e7\u00e3o<\/strong>\n<br><a style=\"color: #fff;\" href=\"mailto:alexandre@dorte.com.br\">alexandre@dorte.com.br<\/a>\t\t\t\t\t\t\t\t<\/div>\n\t\t\t\t<\/div>\n\t\t\t\t\t<\/div>\n\t\t<\/div>\n\t\t\t\t<div class=\"elementor-column elementor-col-16 elementor-top-column elementor-element elementor-element-7044b8a\" data-id=\"7044b8a\" data-element_type=\"column\" data-settings=\"{&quot;background_background&quot;:&quot;classic&quot;}\">\n\t\t\t<div class=\"elementor-widget-wrap elementor-element-populated\">\n\t\t\t\t\t\t<div class=\"elementor-element elementor-element-8e3c4cb elementor-widget elementor-widget-text-editor\" data-id=\"8e3c4cb\" data-element_type=\"widget\" data-widget_type=\"text-editor.default\">\n\t\t\t\t<div class=\"elementor-widget-container\">\n\t\t\t\t\t\t\t\t\t<strong>Exporta\u00e7\u00e3o<\/strong><br><a style=\"color: #fff;\" href=\"mailto:stefani@dorte.com.br\">stefani@dorte.com.br<\/a>\t\t\t\t\t\t\t\t<\/div>\n\t\t\t\t<\/div>\n\t\t\t\t\t<\/div>\n\t\t<\/div>\n\t\t\t\t<div class=\"elementor-column elementor-col-16 elementor-top-column elementor-element elementor-element-0ddd7a1\" data-id=\"0ddd7a1\" data-element_type=\"column\" data-settings=\"{&quot;background_background&quot;:&quot;classic&quot;}\">\n\t\t\t<div class=\"elementor-widget-wrap elementor-element-populated\">\n\t\t\t\t\t\t<div class=\"elementor-element elementor-element-0b6c3e0 elementor-widget elementor-widget-text-editor\" data-id=\"0b6c3e0\" data-element_type=\"widget\" data-widget_type=\"text-editor.default\">\n\t\t\t\t<div class=\"elementor-widget-container\">\n\t\t\t\t\t\t\t\t\t<strong>Hospitalar &#8211; Cosm\u00e9tico<\/strong>\n<br>\n<a style=\"color: #fff;\" href=\"mailto:ricardolinhares@dorte.com.br\">ricardolinhares@dorte.com.br<\/a>\t\t\t\t\t\t\t\t<\/div>\n\t\t\t\t<\/div>\n\t\t\t\t\t<\/div>\n\t\t<\/div>\n\t\t\t\t<div class=\"elementor-column elementor-col-16 elementor-top-column elementor-element elementor-element-4692abb\" data-id=\"4692abb\" data-element_type=\"column\" data-settings=\"{&quot;background_background&quot;:&quot;classic&quot;}\">\n\t\t\t<div class=\"elementor-widget-wrap elementor-element-populated\">\n\t\t\t\t\t\t<div class=\"elementor-element elementor-element-7444a6c elementor-widget elementor-widget-text-editor\" data-id=\"7444a6c\" data-element_type=\"widget\" data-widget_type=\"text-editor.default\">\n\t\t\t\t<div class=\"elementor-widget-container\">\n\t\t\t\t\t\t\t\t\t<p><strong>\u00a0M\u00e1quinas Profissionais Cabelereiro<\/strong><br \/><a style=\"color: #fff;\" href=\"mailto:ricardoamaral@dorte.com.br\">contato@dorte.com.br<\/a><\/p>\t\t\t\t\t\t\t\t<\/div>\n\t\t\t\t<\/div>\n\t\t\t\t\t<\/div>\n\t\t<\/div>\n\t\t\t\t<div class=\"elementor-column elementor-col-16 elementor-top-column elementor-element elementor-element-56fa0c4\" data-id=\"56fa0c4\" data-element_type=\"column\" data-settings=\"{&quot;background_background&quot;:&quot;classic&quot;}\">\n\t\t\t<div class=\"elementor-widget-wrap elementor-element-populated\">\n\t\t\t\t\t\t<div class=\"elementor-element elementor-element-ca4c8d5 elementor-widget elementor-widget-text-editor\" data-id=\"ca4c8d5\" data-element_type=\"widget\" data-widget_type=\"text-editor.default\">\n\t\t\t\t<div class=\"elementor-widget-container\">\n\t\t\t\t\t\t\t\t\t<p><strong>Tec Zipper<\/strong><\/p><p><a style=\"color: #fff;\" href=\"mailto:diogo@teczipper.com.br\">contato@dorte.com.br<\/a><\/p>\t\t\t\t\t\t\t\t<\/div>\n\t\t\t\t<\/div>\n\t\t\t\t\t<\/div>\n\t\t<\/div>\n\t\t\t\t\t<\/div>\n\t\t<\/section>\n\t\t\t\t<\/div>\n\t\t","protected":false},"excerpt":{"rendered":"<p>Contato Nome E-mail Celular Departamentos Diretoria ComercialImporta\u00e7\u00e3oExporta\u00e7\u00e3oHospitalar &#8211; Cosm\u00e9ticoM\u00e1quinas Profissionais CabelereiroTec Zipper Mensagem A DORTE e oferece solu\u00e7\u00f5es para empresas brasileiras e ao redor do mundo, permitindo que elas atuem com sucesso no mercado brasileiro. Nossa equipe altamente qualificada est\u00e1 \u00e0 disposi\u00e7\u00e3o para fornecer suporte personalizado e consultoria estrat\u00e9gica para ajud\u00e1-lo a atingir seus objetivos de neg\u00f3cios. Possu\u00edmos Know-how em v\u00e1rios seguimentos empresariais e disponibilizamos este aos nossos clientes. Al\u00e9m disso, nossos servi\u00e7os s\u00e3o altamente personaliz\u00e1veis para atender \u00e0s necessidades espec\u00edficas de sua empresa. Oferecemos solu\u00e7\u00f5es completas para os processos importa\u00e7\u00e3o, exporta\u00e7\u00e3o e distribui\u00e7\u00e3o. Nossa preocupa\u00e7\u00e3o principal \u00e9 reduzir os custos para nossos clientes, proporcionando aumento da competitividade. Se voc\u00ea tem interesse em saber mais sobre como a DORTE pode ajudar sua empresa a operar com efici\u00eancia no mercado brasileiro, n\u00e3o hesite em nos contatar.&nbsp; Entre em contato conosco agora e deixe-nos ajud\u00e1-lo a alcan\u00e7ar o sucesso em seus neg\u00f3cios. Diretoria Comercial contato@dorte.com.brImporta\u00e7\u00e3o alexandre@dorte.com.brExporta\u00e7\u00e3ostefani@dorte.com.brHospitalar &#8211; Cosm\u00e9tico ricardolinhares@dorte.com.br \u00a0M\u00e1quinas Profissionais Cabelereirocontato@dorte.com.br Tec Zipper contato@dorte.com.br<\/p>\n","protected":false},"author":1,"featured_media":0,"parent":0,"menu_order":0,"comment_status":"closed","ping_status":"closed","template":"elementor_canvas","meta":{"footnotes":""},"class_list":["post-177","page","type-page","status-publish","hentry"],"_links":{"self":[{"href":"https:\/\/dorte.com.br\/index.php?rest_route=\/wp\/v2\/pages\/177","targetHints":{"allow":["GET"]}}],"collection":[{"href":"https:\/\/dorte.com.br\/index.php?rest_route=\/wp\/v2\/pages"}],"about":[{"href":"https:\/\/dorte.com.br\/index.php?rest_route=\/wp\/v2\/types\/page"}],"author":[{"embeddable":true,"href":"https:\/\/dorte.com.br\/index.php?rest_route=\/wp\/v2\/users\/1"}],"replies":[{"embeddable":true,"href":"https:\/\/dorte.com.br\/index.php?rest_route=%2Fwp%2Fv2%2Fcomments&post=177"}],"version-history":[{"count":15,"href":"https:\/\/dorte.com.br\/index.php?rest_route=\/wp\/v2\/pages\/177\/revisions"}],"predecessor-version":[{"id":1600,"href":"https:\/\/dorte.com.br\/index.php?rest_route=\/wp\/v2\/pages\/177\/revisions\/1600"}],"wp:attachment":[{"href":"https:\/\/dorte.com.br\/index.php?rest_route=%2Fwp%2Fv2%2Fmedia&parent=177"}],"curies":[{"name":"wp","href":"https:\/\/api.w.org\/{rel}","templated":true}]}}