{"id":1273,"date":"2025-05-14T17:49:21","date_gmt":"2025-05-14T17:49:21","guid":{"rendered":"https:\/\/dorte.com.br\/?page_id=1273"},"modified":"2025-07-11T13:16:07","modified_gmt":"2025-07-11T13:16:07","slug":"maquinas-equipamento-my-heart","status":"publish","type":"page","link":"https:\/\/dorte.com.br\/?page_id=1273","title":{"rendered":"Equipamento RCP e DEA &#8211; My Heart"},"content":{"rendered":"\t\t<div data-elementor-type=\"wp-page\" data-elementor-id=\"1273\" class=\"elementor elementor-1273\">\n\t\t\t\t\t\t<section class=\"elementor-section elementor-top-section elementor-element elementor-element-68e8da0 elementor-section-height-min-height elementor-section-boxed elementor-section-height-default elementor-section-items-middle wpr-particle-no wpr-jarallax-no wpr-parallax-no wpr-sticky-section-no\" data-id=\"68e8da0\" data-element_type=\"section\" data-settings=\"{&quot;background_background&quot;:&quot;classic&quot;}\">\n\t\t\t\t\t\t<div class=\"elementor-container elementor-column-gap-default\">\n\t\t\t\t\t<div class=\"elementor-column elementor-col-100 elementor-top-column elementor-element elementor-element-4216f13\" data-id=\"4216f13\" data-element_type=\"column\">\n\t\t\t<div class=\"elementor-widget-wrap elementor-element-populated\">\n\t\t\t\t\t\t<div class=\"elementor-element elementor-element-818a261 elementor-widget elementor-widget-heading\" data-id=\"818a261\" data-element_type=\"widget\" data-widget_type=\"heading.default\">\n\t\t\t\t<div class=\"elementor-widget-container\">\n\t\t\t\t\t<h2 class=\"elementor-heading-title elementor-size-default\">Bright Medical<\/h2>\t\t\t\t<\/div>\n\t\t\t\t<\/div>\n\t\t\t\t\t<\/div>\n\t\t<\/div>\n\t\t\t\t\t<\/div>\n\t\t<\/section>\n\t\t\t\t<section class=\"elementor-section elementor-top-section elementor-element elementor-element-c045342 elementor-section-boxed elementor-section-height-default elementor-section-height-default wpr-particle-no wpr-jarallax-no wpr-parallax-no wpr-sticky-section-no\" data-id=\"c045342\" data-element_type=\"section\">\n\t\t\t\t\t\t<div class=\"elementor-container elementor-column-gap-default\">\n\t\t\t\t\t<div class=\"elementor-column elementor-col-100 elementor-top-column elementor-element elementor-element-52b29e0\" data-id=\"52b29e0\" data-element_type=\"column\">\n\t\t\t<div class=\"elementor-widget-wrap elementor-element-populated\">\n\t\t\t\t\t\t<section class=\"elementor-section elementor-inner-section elementor-element elementor-element-d74a911 elementor-section-content-middle elementor-section-boxed elementor-section-height-default elementor-section-height-default wpr-particle-no wpr-jarallax-no wpr-parallax-no wpr-sticky-section-no\" data-id=\"d74a911\" data-element_type=\"section\">\n\t\t\t\t\t\t<div class=\"elementor-container elementor-column-gap-default\">\n\t\t\t\t\t<div class=\"elementor-column elementor-col-50 elementor-inner-column elementor-element elementor-element-77c29b4\" data-id=\"77c29b4\" data-element_type=\"column\">\n\t\t\t<div class=\"elementor-widget-wrap elementor-element-populated\">\n\t\t\t\t\t\t<div class=\"elementor-element elementor-element-85aa07f elementor-widget elementor-widget-image\" data-id=\"85aa07f\" data-element_type=\"widget\" data-widget_type=\"image.default\">\n\t\t\t\t<div class=\"elementor-widget-container\">\n\t\t\t\t\t\t\t\t\t\t\t\t\t\t\t<img fetchpriority=\"high\" decoding=\"async\" width=\"981\" height=\"2000\" src=\"https:\/\/dorte.com.br\/wp-content\/uploads\/2025\/05\/teste-maquina.png\" class=\"attachment-full size-full wp-image-1277\" alt=\"\" srcset=\"https:\/\/dorte.com.br\/wp-content\/uploads\/2025\/05\/teste-maquina.png 981w, https:\/\/dorte.com.br\/wp-content\/uploads\/2025\/05\/teste-maquina-147x300.png 147w, https:\/\/dorte.com.br\/wp-content\/uploads\/2025\/05\/teste-maquina-502x1024.png 502w, https:\/\/dorte.com.br\/wp-content\/uploads\/2025\/05\/teste-maquina-768x1566.png 768w, https:\/\/dorte.com.br\/wp-content\/uploads\/2025\/05\/teste-maquina-753x1536.png 753w\" sizes=\"(max-width: 981px) 100vw, 981px\" \/>\t\t\t\t\t\t\t\t\t\t\t\t\t\t\t<\/div>\n\t\t\t\t<\/div>\n\t\t\t\t\t<\/div>\n\t\t<\/div>\n\t\t\t\t<div class=\"elementor-column elementor-col-50 elementor-inner-column elementor-element elementor-element-e47d061\" data-id=\"e47d061\" data-element_type=\"column\">\n\t\t\t<div class=\"elementor-widget-wrap elementor-element-populated\">\n\t\t\t\t\t\t<div class=\"elementor-element elementor-element-58b9972 elementor-widget elementor-widget-heading\" data-id=\"58b9972\" data-element_type=\"widget\" data-widget_type=\"heading.default\">\n\t\t\t\t<div class=\"elementor-widget-container\">\n\t\t\t\t\t<h2 class=\"elementor-heading-title elementor-size-default\">My Heart: Equipamento inteligente de treinamento e avalia\u00e7\u00e3o de RCP e DEA<\/h2>\t\t\t\t<\/div>\n\t\t\t\t<\/div>\n\t\t\t\t<div class=\"elementor-element elementor-element-838c114 elementor-widget elementor-widget-heading\" data-id=\"838c114\" data-element_type=\"widget\" data-widget_type=\"heading.default\">\n\t\t\t\t<div class=\"elementor-widget-container\">\n\t\t\t\t\t<h2 class=\"elementor-heading-title elementor-size-default\">LAN\u00c7AMENTO<\/h2>\t\t\t\t<\/div>\n\t\t\t\t<\/div>\n\t\t\t\t<div class=\"elementor-element elementor-element-3f3012d elementor-widget elementor-widget-text-editor\" data-id=\"3f3012d\" data-element_type=\"widget\" data-widget_type=\"text-editor.default\">\n\t\t\t\t<div class=\"elementor-widget-container\">\n\t\t\t\t\t\t\t\t\t<p style=\"text-align: justify;\"><b>Descri\u00e7\u00e3o:<\/b><br \/>Equipamento para treinamentos presenciais, personalizados e focados em resultados, com sess\u00f5es individuais adaptadas ao perfil de cada participante. A dura\u00e7\u00e3o \u00e9 flex\u00edvel, respeitando os m\u00e9todos e crit\u00e9rios de cada instrutor para garantir a melhor experi\u00eancia de aprendizagem. Nosso sistema de forma\u00e7\u00e3o e avalia\u00e7\u00e3o \u00e9 baseado nas renomadas Diretrizes Chinesas de RCP e 100% alinhado aos rigorosos padr\u00f5es da American Heart Association (AHA). Uma solu\u00e7\u00e3o moderna,\u00a0 inteligente e completa para capacita\u00e7\u00e3o em situa\u00e7\u00f5es de emerg\u00eancia.<\/p><p style=\"text-align: justify;\">A plataforma proporciona treinamentos cont\u00ednuos e din\u00e2micos, com simula\u00e7\u00f5es realistas que permitem aos participantes dominar as t\u00e9cnicas de Ressuscita\u00e7\u00e3o Cardiopulmonar e a utiliza\u00e7\u00e3o correta do Desfibrilhador Externo Autom\u00e1tico (DEA). Capacite-se para agir com seguran\u00e7a, rapidez e efic\u00e1cia quando cada segundo faz a diferen\u00e7a. Seja voc\u00ea a pessoa preparada para fazer a diferen\u00e7a e salvar vidas.<\/p>\t\t\t\t\t\t\t\t<\/div>\n\t\t\t\t<\/div>\n\t\t\t\t\t<\/div>\n\t\t<\/div>\n\t\t\t\t\t<\/div>\n\t\t<\/section>\n\t\t\t\t\t<\/div>\n\t\t<\/div>\n\t\t\t\t\t<\/div>\n\t\t<\/section>\n\t\t\t\t<section class=\"elementor-section elementor-top-section elementor-element elementor-element-c1652f7 elementor-section-boxed elementor-section-height-default elementor-section-height-default wpr-particle-no wpr-jarallax-no wpr-parallax-no wpr-sticky-section-no\" data-id=\"c1652f7\" data-element_type=\"section\">\n\t\t\t\t\t\t<div class=\"elementor-container elementor-column-gap-default\">\n\t\t\t\t\t<div class=\"elementor-column elementor-col-50 elementor-top-column elementor-element elementor-element-ae6e4ef\" data-id=\"ae6e4ef\" data-element_type=\"column\">\n\t\t\t<div class=\"elementor-widget-wrap elementor-element-populated\">\n\t\t\t\t\t\t<div class=\"elementor-element elementor-element-0c32639 elementor-align-center elementor-widget elementor-widget-button\" data-id=\"0c32639\" data-element_type=\"widget\" data-widget_type=\"button.default\">\n\t\t\t\t<div class=\"elementor-widget-container\">\n\t\t\t\t\t\t\t\t\t<div class=\"elementor-button-wrapper\">\n\t\t\t\t\t<a class=\"elementor-button elementor-button-link elementor-size-sm\" href=\"http:\/\/dorte.com.br\/wp-content\/uploads\/2025\/05\/catalogo-my-heart-web.pdf\">\n\t\t\t\t\t\t<span class=\"elementor-button-content-wrapper\">\n\t\t\t\t\t\t\t\t\t<span class=\"elementor-button-text\">Download Cat\u00e1logo<\/span>\n\t\t\t\t\t<\/span>\n\t\t\t\t\t<\/a>\n\t\t\t\t<\/div>\n\t\t\t\t\t\t\t\t<\/div>\n\t\t\t\t<\/div>\n\t\t\t\t\t<\/div>\n\t\t<\/div>\n\t\t\t\t<div class=\"elementor-column elementor-col-50 elementor-top-column elementor-element elementor-element-f3be6e7\" data-id=\"f3be6e7\" data-element_type=\"column\">\n\t\t\t<div class=\"elementor-widget-wrap elementor-element-populated\">\n\t\t\t\t\t\t<div class=\"elementor-element elementor-element-7495614 elementor-align-center elementor-widget elementor-widget-button\" data-id=\"7495614\" data-element_type=\"widget\" data-widget_type=\"button.default\">\n\t\t\t\t<div class=\"elementor-widget-container\">\n\t\t\t\t\t\t\t\t\t<div class=\"elementor-button-wrapper\">\n\t\t\t\t\t<a class=\"elementor-button elementor-button-link elementor-size-sm\" href=\"https:\/\/api.whatsapp.com\/send?phone=5511941553303&#038;text=Ol%C3%A1%20Gostaria%20de%20saber%20mais%20sobre%20os%20produtos%20da%20Crown%20Name!\">\n\t\t\t\t\t\t<span class=\"elementor-button-content-wrapper\">\n\t\t\t\t\t\t\t\t\t<span class=\"elementor-button-text\">Obter cota\u00e7\u00e3o<\/span>\n\t\t\t\t\t<\/span>\n\t\t\t\t\t<\/a>\n\t\t\t\t<\/div>\n\t\t\t\t\t\t\t\t<\/div>\n\t\t\t\t<\/div>\n\t\t\t\t\t<\/div>\n\t\t<\/div>\n\t\t\t\t\t<\/div>\n\t\t<\/section>\n\t\t\t\t<section class=\"elementor-section elementor-top-section elementor-element elementor-element-5ae8245 elementor-section-height-min-height elementor-section-boxed elementor-section-height-default elementor-section-items-middle wpr-particle-no wpr-jarallax-no wpr-parallax-no wpr-sticky-section-no\" data-id=\"5ae8245\" data-element_type=\"section\">\n\t\t\t\t\t\t<div class=\"elementor-container elementor-column-gap-default\">\n\t\t\t\t\t<div class=\"elementor-column elementor-col-100 elementor-top-column elementor-element elementor-element-1dbfc54\" data-id=\"1dbfc54\" data-element_type=\"column\">\n\t\t\t<div class=\"elementor-widget-wrap elementor-element-populated\">\n\t\t\t\t\t\t<div class=\"elementor-element elementor-element-a8bc36c elementor-widget elementor-widget-heading\" data-id=\"a8bc36c\" data-element_type=\"widget\" data-widget_type=\"heading.default\">\n\t\t\t\t<div class=\"elementor-widget-container\">\n\t\t\t\t\t<h2 class=\"elementor-heading-title elementor-size-default\">Treinamento em RCP<\/h2>\t\t\t\t<\/div>\n\t\t\t\t<\/div>\n\t\t\t\t<div class=\"elementor-element elementor-element-96fdb49 elementor-widget elementor-widget-video\" data-id=\"96fdb49\" data-element_type=\"widget\" data-settings=\"{&quot;video_type&quot;:&quot;hosted&quot;,&quot;controls&quot;:&quot;yes&quot;}\" data-widget_type=\"video.default\">\n\t\t\t\t<div class=\"elementor-widget-container\">\n\t\t\t\t\t\t\t<div class=\"e-hosted-video elementor-wrapper elementor-open-inline\">\n\t\t\t\t\t<video class=\"elementor-video\" src=\"http:\/\/dorte.com.br\/wp-content\/uploads\/2025\/07\/VIDEO-2025-07-11-09-27-10-1.mp4\" controls=\"\" preload=\"metadata\" controlsList=\"nodownload\"><\/video>\n\t\t\t\t<\/div>\n\t\t\t\t\t\t<\/div>\n\t\t\t\t<\/div>\n\t\t\t\t\t<\/div>\n\t\t<\/div>\n\t\t\t\t\t<\/div>\n\t\t<\/section>\n\t\t\t\t<section class=\"elementor-section elementor-top-section elementor-element elementor-element-e221ee9 elementor-section-height-min-height elementor-section-boxed elementor-section-height-default elementor-section-items-middle wpr-particle-no wpr-jarallax-no wpr-parallax-no wpr-sticky-section-no\" data-id=\"e221ee9\" data-element_type=\"section\">\n\t\t\t\t\t\t<div class=\"elementor-container elementor-column-gap-default\">\n\t\t\t\t\t<div class=\"elementor-column elementor-col-100 elementor-top-column elementor-element elementor-element-667ed54\" data-id=\"667ed54\" data-element_type=\"column\">\n\t\t\t<div class=\"elementor-widget-wrap elementor-element-populated\">\n\t\t\t\t\t\t<div class=\"elementor-element elementor-element-8ffc9d3 elementor-widget elementor-widget-heading\" data-id=\"8ffc9d3\" data-element_type=\"widget\" data-widget_type=\"heading.default\">\n\t\t\t\t<div class=\"elementor-widget-container\">\n\t\t\t\t\t<h2 class=\"elementor-heading-title elementor-size-default\">Treinamento em DEA<\/h2>\t\t\t\t<\/div>\n\t\t\t\t<\/div>\n\t\t\t\t<div class=\"elementor-element elementor-element-4f2de63 elementor-widget elementor-widget-video\" data-id=\"4f2de63\" data-element_type=\"widget\" data-settings=\"{&quot;video_type&quot;:&quot;hosted&quot;,&quot;controls&quot;:&quot;yes&quot;}\" data-widget_type=\"video.default\">\n\t\t\t\t<div class=\"elementor-widget-container\">\n\t\t\t\t\t\t\t<div class=\"e-hosted-video elementor-wrapper elementor-open-inline\">\n\t\t\t\t\t<video class=\"elementor-video\" src=\"http:\/\/dorte.com.br\/wp-content\/uploads\/2025\/07\/VIDEO-2025-07-11-09-27-10.mp4\" controls=\"\" preload=\"metadata\" controlsList=\"nodownload\"><\/video>\n\t\t\t\t<\/div>\n\t\t\t\t\t\t<\/div>\n\t\t\t\t<\/div>\n\t\t\t\t\t<\/div>\n\t\t<\/div>\n\t\t\t\t\t<\/div>\n\t\t<\/section>\n\t\t\t\t<section class=\"elementor-section elementor-top-section elementor-element elementor-element-3302412 elementor-section-boxed elementor-section-height-default elementor-section-height-default wpr-particle-no wpr-jarallax-no wpr-parallax-no wpr-sticky-section-no\" data-id=\"3302412\" data-element_type=\"section\">\n\t\t\t\t\t\t<div class=\"elementor-container elementor-column-gap-default\">\n\t\t\t\t\t<div class=\"elementor-column elementor-col-100 elementor-top-column elementor-element elementor-element-f99c948\" data-id=\"f99c948\" data-element_type=\"column\">\n\t\t\t<div class=\"elementor-widget-wrap elementor-element-populated\">\n\t\t\t\t\t\t<div class=\"elementor-element elementor-element-c5e8929 elementor-widget elementor-widget-text-editor\" data-id=\"c5e8929\" data-element_type=\"widget\" data-widget_type=\"text-editor.default\">\n\t\t\t\t<div class=\"elementor-widget-container\">\n\t\t\t\t\t\t\t\t\t<h4>DESCRI\u00c7\u00c3O:<\/h4><p style=\"text-align: justify;\">Equipamento para treinamentos presenciais, personalizados e focados em resultados, com sess\u00f5es individuais adaptadas ao perfil de cada participante. A dura\u00e7\u00e3o \u00e9 flex\u00edvel, respeitando os m\u00e9todos e crit\u00e9rios de cada instrutor para garantir a melhor experi\u00eancia de aprendizagem. Nosso sistema de forma\u00e7\u00e3o e avalia\u00e7\u00e3o \u00e9 baseado nas renomadas Diretrizes Chinesas de RCP e 100% alinhado aos rigorosos padr\u00f5es da American Heart Association (AHA). Uma solu\u00e7\u00e3o moderna,\u00a0 inteligente e completa para capacita\u00e7\u00e3o em situa\u00e7\u00f5es de emerg\u00eancia.<\/p><p style=\"text-align: justify;\">A plataforma proporciona treinamentos cont\u00ednuos e din\u00e2micos, com simula\u00e7\u00f5es realistas que permitem aos participantes dominar as t\u00e9cnicas de Ressuscita\u00e7\u00e3o Cardiopulmonar e a\u00a0utiliza\u00e7\u00e3o correta do Desfibrilhador Externo Autom\u00e1tico (DEA). Capacite-se para agir com seguran\u00e7a, rapidez e efic\u00e1cia quando cada segundo faz a diferen\u00e7a. Seja voc\u00ea a pessoa preparada para fazer a diferen\u00e7a e salvar vidas.<\/p><h4>\u00a0<\/h4><h4>PRINCIPAIS CARACTER\u00cdSTICAS<\/h4><ul><li>Autonomia de energia<\/li><li>Ensino de v\u00eddeo<\/li><li>Treinamento Interativo<\/li><li>Pontua\u00e7\u00e3o de opera\u00e7\u00f5es em tempo real<\/li><\/ul><h4>\u00a0<\/h4><h4>MODO DE USO:<\/h4><p>Como funciona na pr\u00e1tica?<\/p><ol><li>Confirme se o paciente est\u00e1 inconsciente e n\u00e3o est\u00e1 respirando<\/li><li>Pe\u00e7a a algu\u00e9m para ajudar a ligar para emerg\u00eancia 192 e buscar o DEA<\/li><li>Realizar 30 compress\u00f5es tor\u00e1cicas<\/li><li>Realize a abertura das vias a\u00e9reas atrav\u00e9s da manobra de inclina\u00e7\u00e3o da cabe\u00e7a e eleva\u00e7\u00e3o do queixo, certificando-se de que n\u00e3o h\u00e1 obstru\u00e7\u00f5es vis\u00edveis.<\/li><li>Realizar 2 ventila\u00e7\u00f5es boca a boca.<\/li><li>Acione o DEA e siga as instru\u00e7\u00f5es para realizar a desfibrila\u00e7\u00e3o.<\/li><\/ol><h4>\u00a0<\/h4><h4>ESPECIFICA\u00c7\u00d5ES T\u00c9CNICAS<\/h4><ul><li>Sensores do corpo humano<\/li><li>Luzes de advert\u00eancia<\/li><li>Tela Touch<\/li><li>M\u00e1scara de isolamento descart\u00e1vel + gel para esteriliza\u00e7\u00e3o<\/li><li>\u00c1rea de armazenamento<\/li><li>Simulador de RCP<\/li><li>M\u00e1quina de ensino DEA<\/li><li>Tela secund\u00e1ria<\/li><li>\u00c1rea de leitura de cart\u00e3o<\/li><li>\u00c1udio<\/li><li>Armazenamento de DEA<\/li><li>C\u00e2mera<\/li><\/ul><h4>\u00a0<\/h4><h4>IMPORTADO, DISTRIBUIDO E REGISTRADO POR:<\/h4><p>DORTE DISTRIBUIDORA, IMPORTADORA E EXPORTADORA LTDA<\/p>\t\t\t\t\t\t\t\t<\/div>\n\t\t\t\t<\/div>\n\t\t\t\t\t<\/div>\n\t\t<\/div>\n\t\t\t\t\t<\/div>\n\t\t<\/section>\n\t\t\t\t<section class=\"elementor-section elementor-top-section elementor-element elementor-element-8e54425 elementor-section-boxed elementor-section-height-default elementor-section-height-default wpr-particle-no wpr-jarallax-no wpr-parallax-no wpr-sticky-section-no\" data-id=\"8e54425\" data-element_type=\"section\">\n\t\t\t\t\t\t<div class=\"elementor-container elementor-column-gap-default\">\n\t\t\t\t\t<div class=\"elementor-column elementor-col-50 elementor-top-column elementor-element elementor-element-ef0ff5f\" data-id=\"ef0ff5f\" data-element_type=\"column\">\n\t\t\t<div class=\"elementor-widget-wrap elementor-element-populated\">\n\t\t\t\t\t\t<div class=\"elementor-element elementor-element-50d7f46 elementor-align-center elementor-widget elementor-widget-button\" data-id=\"50d7f46\" data-element_type=\"widget\" data-widget_type=\"button.default\">\n\t\t\t\t<div class=\"elementor-widget-container\">\n\t\t\t\t\t\t\t\t\t<div class=\"elementor-button-wrapper\">\n\t\t\t\t\t<a class=\"elementor-button elementor-button-link elementor-size-sm\" href=\"http:\/\/dorte.com.br\/wp-content\/uploads\/2025\/05\/catalogo-my-heart-web.pdf\">\n\t\t\t\t\t\t<span class=\"elementor-button-content-wrapper\">\n\t\t\t\t\t\t\t\t\t<span class=\"elementor-button-text\">Download Cat\u00e1logo<\/span>\n\t\t\t\t\t<\/span>\n\t\t\t\t\t<\/a>\n\t\t\t\t<\/div>\n\t\t\t\t\t\t\t\t<\/div>\n\t\t\t\t<\/div>\n\t\t\t\t\t<\/div>\n\t\t<\/div>\n\t\t\t\t<div class=\"elementor-column elementor-col-50 elementor-top-column elementor-element elementor-element-e4d058b\" data-id=\"e4d058b\" data-element_type=\"column\">\n\t\t\t<div class=\"elementor-widget-wrap elementor-element-populated\">\n\t\t\t\t\t\t<div class=\"elementor-element elementor-element-706c738 elementor-align-center elementor-widget elementor-widget-button\" data-id=\"706c738\" data-element_type=\"widget\" data-widget_type=\"button.default\">\n\t\t\t\t<div class=\"elementor-widget-container\">\n\t\t\t\t\t\t\t\t\t<div class=\"elementor-button-wrapper\">\n\t\t\t\t\t<a class=\"elementor-button elementor-button-link elementor-size-sm\" href=\"https:\/\/api.whatsapp.com\/send?phone=5511941553303&#038;text=Ol%C3%A1%20Gostaria%20de%20saber%20mais%20sobre%20os%20produtos%20da%20Crown%20Name!\">\n\t\t\t\t\t\t<span class=\"elementor-button-content-wrapper\">\n\t\t\t\t\t\t\t\t\t<span class=\"elementor-button-text\">Obter cota\u00e7\u00e3o<\/span>\n\t\t\t\t\t<\/span>\n\t\t\t\t\t<\/a>\n\t\t\t\t<\/div>\n\t\t\t\t\t\t\t\t<\/div>\n\t\t\t\t<\/div>\n\t\t\t\t\t<\/div>\n\t\t<\/div>\n\t\t\t\t\t<\/div>\n\t\t<\/section>\n\t\t\t\t<\/div>\n\t\t","protected":false},"excerpt":{"rendered":"<p>Bright Medical My Heart: Equipamento inteligente de treinamento e avalia\u00e7\u00e3o de RCP e DEA LAN\u00c7AMENTO Descri\u00e7\u00e3o:Equipamento para treinamentos presenciais, personalizados e focados em resultados, com sess\u00f5es individuais adaptadas ao perfil de cada participante. A dura\u00e7\u00e3o \u00e9 flex\u00edvel, respeitando os m\u00e9todos e crit\u00e9rios de cada instrutor para garantir a melhor experi\u00eancia de aprendizagem. Nosso sistema de forma\u00e7\u00e3o e avalia\u00e7\u00e3o \u00e9 baseado nas renomadas Diretrizes Chinesas de RCP e 100% alinhado aos rigorosos padr\u00f5es da American Heart Association (AHA). Uma solu\u00e7\u00e3o moderna,\u00a0 inteligente e completa para capacita\u00e7\u00e3o em situa\u00e7\u00f5es de emerg\u00eancia. A plataforma proporciona treinamentos cont\u00ednuos e din\u00e2micos, com simula\u00e7\u00f5es realistas que permitem aos participantes dominar as t\u00e9cnicas de Ressuscita\u00e7\u00e3o Cardiopulmonar e a utiliza\u00e7\u00e3o correta do Desfibrilhador Externo Autom\u00e1tico (DEA). Capacite-se para agir com seguran\u00e7a, rapidez e efic\u00e1cia quando cada segundo faz a diferen\u00e7a. Seja voc\u00ea a pessoa preparada para fazer a diferen\u00e7a e salvar vidas. Download Cat\u00e1logo Obter cota\u00e7\u00e3o Treinamento em RCP http:\/\/dorte.com.br\/wp-content\/uploads\/2025\/07\/VIDEO-2025-07-11-09-27-10-1.mp4 Treinamento em DEA http:\/\/dorte.com.br\/wp-content\/uploads\/2025\/07\/VIDEO-2025-07-11-09-27-10.mp4 DESCRI\u00c7\u00c3O: Equipamento para treinamentos presenciais, personalizados e focados em resultados, com sess\u00f5es individuais adaptadas ao perfil de cada participante. A dura\u00e7\u00e3o \u00e9 flex\u00edvel, respeitando os m\u00e9todos e crit\u00e9rios de cada instrutor para garantir a melhor experi\u00eancia de aprendizagem. Nosso sistema de forma\u00e7\u00e3o e avalia\u00e7\u00e3o \u00e9 baseado nas renomadas Diretrizes Chinesas de RCP e 100% alinhado aos rigorosos padr\u00f5es da American Heart Association (AHA). Uma solu\u00e7\u00e3o moderna,\u00a0 inteligente e completa para capacita\u00e7\u00e3o em situa\u00e7\u00f5es de emerg\u00eancia. A plataforma proporciona treinamentos cont\u00ednuos e din\u00e2micos, com simula\u00e7\u00f5es realistas que permitem aos participantes dominar as t\u00e9cnicas de Ressuscita\u00e7\u00e3o Cardiopulmonar e a\u00a0utiliza\u00e7\u00e3o correta do Desfibrilhador Externo Autom\u00e1tico (DEA). Capacite-se para agir com seguran\u00e7a, rapidez e efic\u00e1cia quando cada segundo faz a diferen\u00e7a. Seja voc\u00ea a pessoa preparada para fazer a diferen\u00e7a e salvar vidas. \u00a0 PRINCIPAIS CARACTER\u00cdSTICAS Autonomia de energia Ensino de v\u00eddeo Treinamento Interativo Pontua\u00e7\u00e3o de opera\u00e7\u00f5es em tempo real \u00a0 MODO DE USO: Como funciona na pr\u00e1tica? Confirme se o paciente est\u00e1 inconsciente e n\u00e3o est\u00e1 respirando Pe\u00e7a a algu\u00e9m para ajudar a ligar para emerg\u00eancia 192 e buscar o DEA Realizar 30 compress\u00f5es tor\u00e1cicas Realize a abertura das vias a\u00e9reas atrav\u00e9s da manobra de inclina\u00e7\u00e3o da cabe\u00e7a e eleva\u00e7\u00e3o do queixo, certificando-se de que n\u00e3o h\u00e1 obstru\u00e7\u00f5es vis\u00edveis. Realizar 2 ventila\u00e7\u00f5es boca a boca. Acione o DEA e siga as instru\u00e7\u00f5es para realizar a desfibrila\u00e7\u00e3o. \u00a0 ESPECIFICA\u00c7\u00d5ES T\u00c9CNICAS Sensores do corpo humano Luzes de advert\u00eancia Tela Touch M\u00e1scara de isolamento descart\u00e1vel + gel para esteriliza\u00e7\u00e3o \u00c1rea de armazenamento Simulador de RCP M\u00e1quina de ensino DEA Tela secund\u00e1ria \u00c1rea de leitura de cart\u00e3o \u00c1udio Armazenamento de DEA C\u00e2mera \u00a0 IMPORTADO, DISTRIBUIDO E REGISTRADO POR: DORTE DISTRIBUIDORA, IMPORTADORA E EXPORTADORA LTDA Download Cat\u00e1logo Obter cota\u00e7\u00e3o<\/p>\n","protected":false},"author":1,"featured_media":0,"parent":0,"menu_order":0,"comment_status":"closed","ping_status":"closed","template":"elementor_canvas","meta":{"footnotes":""},"class_list":["post-1273","page","type-page","status-publish","hentry"],"_links":{"self":[{"href":"https:\/\/dorte.com.br\/index.php?rest_route=\/wp\/v2\/pages\/1273","targetHints":{"allow":["GET"]}}],"collection":[{"href":"https:\/\/dorte.com.br\/index.php?rest_route=\/wp\/v2\/pages"}],"about":[{"href":"https:\/\/dorte.com.br\/index.php?rest_route=\/wp\/v2\/types\/page"}],"author":[{"embeddable":true,"href":"https:\/\/dorte.com.br\/index.php?rest_route=\/wp\/v2\/users\/1"}],"replies":[{"embeddable":true,"href":"https:\/\/dorte.com.br\/index.php?rest_route=%2Fwp%2Fv2%2Fcomments&post=1273"}],"version-history":[{"count":0,"href":"https:\/\/dorte.com.br\/index.php?rest_route=\/wp\/v2\/pages\/1273\/revisions"}],"wp:attachment":[{"href":"https:\/\/dorte.com.br\/index.php?rest_route=%2Fwp%2Fv2%2Fmedia&parent=1273"}],"curies":[{"name":"wp","href":"https:\/\/api.w.org\/{rel}","templated":true}]}}